{"id":130,"date":"2024-03-14T09:03:22","date_gmt":"2024-03-14T09:03:22","guid":{"rendered":"https:\/\/almayoga.es\/?page_id=130"},"modified":"2024-06-06T17:18:48","modified_gmt":"2024-06-06T15:18:48","slug":"talleres-con-alma","status":"publish","type":"page","link":"https:\/\/almayoga.es\/en\/talleres-con-alma\/","title":{"rendered":"Our classes"},"content":{"rendered":"<p><img loading=\"lazy\" decoding=\"async\" width=\"320\" height=\"129\" src=\"https:\/\/almayoga.es\/wp-content\/uploads\/2024\/03\/talleres-alma.png\" alt=\"\" srcset=\"https:\/\/almayoga.es\/wp-content\/uploads\/2024\/03\/talleres-alma.png 320w, https:\/\/almayoga.es\/wp-content\/uploads\/2024\/03\/talleres-alma-300x121.png 300w\" sizes=\"auto, (max-width: 320px) 100vw, 320px\" \/>\t\t\t\t\t\t\t\t\t\t\t\t\t<\/p>\n<p>In our interesting workshops you can enjoy talks about nutrition, self-esteem or meditation, learning to take care of the body, mind and emotions together, trying to improve our quality of life, thus feeling fuller and happier.<\/p>\n<p>COMING SOON, we will keep you informed.<\/p>\n<h2>Ent\u00e9rate de las nuevas sesiones, clases y mucho m\u00e1s&#8230;\u200b<\/h2>\n<h2>Talleres Activos<\/h2>\n<h2>Talleres Pasados<\/h2>","protected":false},"excerpt":{"rendered":"<p>En nuestros interesantes talleres podr\u00e1s disfrutar de charlas sobre nutrici\u00f3n, autoestima o meditaci\u00f3n, aprendiendo a cuidar en conjunto: cuerpo, mente y emociones, tratando de mejorar nuestra calidad de vida sinti\u00e9ndonos de este modo m\u00e1s plenos y felices. PR\u00d3XIMAMENTE, te mantendremos informad@. Ent\u00e9rate de las nuevas sesiones, clases y mucho m\u00e1s&#8230;\u200b Talleres Activos Talleres Pasados<\/p>","protected":false},"author":1,"featured_media":0,"parent":0,"menu_order":0,"comment_status":"closed","ping_status":"closed","template":"","meta":{"footnotes":""},"class_list":["post-130","page","type-page","status-publish","hentry"],"yoast_head":"<!-- This site is optimized with the Yoast SEO plugin v26.8 - https:\/\/yoast.com\/product\/yoast-seo-wordpress\/ -->\n<title>Talleres de Yoga en Zamora<\/title>\n<meta name=\"description\" content=\"&quot;Clases de yoga en Zamora para todos los niveles. \u00danete a nuestras sesiones y mejora tu salud f\u00edsica y mental con Alma Yoga.\" \/>\n<meta name=\"robots\" content=\"index, follow, max-snippet:-1, max-image-preview:large, max-video-preview:-1\" \/>\n<link rel=\"canonical\" href=\"https:\/\/almayoga.es\/en\/talleres-con-alma\/\" \/>\n<meta property=\"og:locale\" content=\"en_GB\" \/>\n<meta property=\"og:type\" content=\"article\" \/>\n<meta property=\"og:title\" content=\"Talleres de Yoga en Zamora\" \/>\n<meta property=\"og:description\" content=\"&quot;Clases de yoga en Zamora para todos los niveles. \u00danete a nuestras sesiones y mejora tu salud f\u00edsica y mental con Alma Yoga.\" \/>\n<meta property=\"og:url\" content=\"https:\/\/almayoga.es\/en\/talleres-con-alma\/\" \/>\n<meta property=\"og:site_name\" content=\"Alma Yoga\" \/>\n<meta property=\"article:modified_time\" content=\"2024-06-06T15:18:48+00:00\" \/>\n<meta property=\"og:image\" content=\"https:\/\/almayoga.es\/wp-content\/uploads\/2024\/03\/talleres-alma.png\" \/>\n<meta name=\"twitter:card\" content=\"summary_large_image\" \/>\n<meta name=\"twitter:label1\" content=\"Estimated reading time\" \/>\n\t<meta name=\"twitter:data1\" content=\"2 minutes\" \/>\n<script type=\"application\/ld+json\" class=\"yoast-schema-graph\">{\"@context\":\"https:\/\/schema.org\",\"@graph\":[{\"@type\":\"WebPage\",\"@id\":\"https:\/\/almayoga.es\/talleres-con-alma\/\",\"url\":\"https:\/\/almayoga.es\/talleres-con-alma\/\",\"name\":\"Talleres de Yoga en Zamora\",\"isPartOf\":{\"@id\":\"https:\/\/almayoga.es\/#website\"},\"primaryImageOfPage\":{\"@id\":\"https:\/\/almayoga.es\/talleres-con-alma\/#primaryimage\"},\"image\":{\"@id\":\"https:\/\/almayoga.es\/talleres-con-alma\/#primaryimage\"},\"thumbnailUrl\":\"https:\/\/almayoga.es\/wp-content\/uploads\/2024\/03\/talleres-alma.png\",\"datePublished\":\"2024-03-14T09:03:22+00:00\",\"dateModified\":\"2024-06-06T15:18:48+00:00\",\"description\":\"\\\"Clases de yoga en Zamora para todos los niveles. \u00danete a nuestras sesiones y mejora tu salud f\u00edsica y mental con Alma Yoga.\",\"breadcrumb\":{\"@id\":\"https:\/\/almayoga.es\/talleres-con-alma\/#breadcrumb\"},\"inLanguage\":\"en-GB\",\"potentialAction\":[{\"@type\":\"ReadAction\",\"target\":[\"https:\/\/almayoga.es\/talleres-con-alma\/\"]}]},{\"@type\":\"ImageObject\",\"inLanguage\":\"en-GB\",\"@id\":\"https:\/\/almayoga.es\/talleres-con-alma\/#primaryimage\",\"url\":\"https:\/\/almayoga.es\/wp-content\/uploads\/2024\/03\/talleres-alma.png\",\"contentUrl\":\"https:\/\/almayoga.es\/wp-content\/uploads\/2024\/03\/talleres-alma.png\"},{\"@type\":\"BreadcrumbList\",\"@id\":\"https:\/\/almayoga.es\/talleres-con-alma\/#breadcrumb\",\"itemListElement\":[{\"@type\":\"ListItem\",\"position\":1,\"name\":\"Portada\",\"item\":\"https:\/\/almayoga.es\/\"},{\"@type\":\"ListItem\",\"position\":2,\"name\":\"Nuestras clases\"}]},{\"@type\":\"WebSite\",\"@id\":\"https:\/\/almayoga.es\/#website\",\"url\":\"https:\/\/almayoga.es\/\",\"name\":\"Alma Yoga\",\"description\":\"Centro de Yoga en Zamora\",\"publisher\":{\"@id\":\"https:\/\/almayoga.es\/#organization\"},\"potentialAction\":[{\"@type\":\"SearchAction\",\"target\":{\"@type\":\"EntryPoint\",\"urlTemplate\":\"https:\/\/almayoga.es\/?s={search_term_string}\"},\"query-input\":{\"@type\":\"PropertyValueSpecification\",\"valueRequired\":true,\"valueName\":\"search_term_string\"}}],\"inLanguage\":\"en-GB\"},{\"@type\":\"Organization\",\"@id\":\"https:\/\/almayoga.es\/#organization\",\"name\":\"Alma Yoga\",\"url\":\"https:\/\/almayoga.es\/\",\"logo\":{\"@type\":\"ImageObject\",\"inLanguage\":\"en-GB\",\"@id\":\"https:\/\/almayoga.es\/#\/schema\/logo\/image\/\",\"url\":\"https:\/\/almayoga.es\/wp-content\/uploads\/2024\/03\/logo-blanco-y-azul.png\",\"contentUrl\":\"https:\/\/almayoga.es\/wp-content\/uploads\/2024\/03\/logo-blanco-y-azul.png\",\"width\":215,\"height\":130,\"caption\":\"Alma Yoga\"},\"image\":{\"@id\":\"https:\/\/almayoga.es\/#\/schema\/logo\/image\/\"}}]}<\/script>\n<!-- \/ Yoast SEO plugin. -->","yoast_head_json":{"title":"Talleres de Yoga en Zamora","description":"\"Clases de yoga en Zamora para todos los niveles. \u00danete a nuestras sesiones y mejora tu salud f\u00edsica y mental con Alma Yoga.","robots":{"index":"index","follow":"follow","max-snippet":"max-snippet:-1","max-image-preview":"max-image-preview:large","max-video-preview":"max-video-preview:-1"},"canonical":"https:\/\/almayoga.es\/en\/talleres-con-alma\/","og_locale":"en_GB","og_type":"article","og_title":"Talleres de Yoga en Zamora","og_description":"\"Clases de yoga en Zamora para todos los niveles. \u00danete a nuestras sesiones y mejora tu salud f\u00edsica y mental con Alma Yoga.","og_url":"https:\/\/almayoga.es\/en\/talleres-con-alma\/","og_site_name":"Alma Yoga","article_modified_time":"2024-06-06T15:18:48+00:00","og_image":[{"url":"https:\/\/almayoga.es\/wp-content\/uploads\/2024\/03\/talleres-alma.png","type":"","width":"","height":""}],"twitter_card":"summary_large_image","twitter_misc":{"Estimated reading time":"2 minutes"},"schema":{"@context":"https:\/\/schema.org","@graph":[{"@type":"WebPage","@id":"https:\/\/almayoga.es\/talleres-con-alma\/","url":"https:\/\/almayoga.es\/talleres-con-alma\/","name":"Talleres de Yoga en Zamora","isPartOf":{"@id":"https:\/\/almayoga.es\/#website"},"primaryImageOfPage":{"@id":"https:\/\/almayoga.es\/talleres-con-alma\/#primaryimage"},"image":{"@id":"https:\/\/almayoga.es\/talleres-con-alma\/#primaryimage"},"thumbnailUrl":"https:\/\/almayoga.es\/wp-content\/uploads\/2024\/03\/talleres-alma.png","datePublished":"2024-03-14T09:03:22+00:00","dateModified":"2024-06-06T15:18:48+00:00","description":"\"Clases de yoga en Zamora para todos los niveles. \u00danete a nuestras sesiones y mejora tu salud f\u00edsica y mental con Alma Yoga.","breadcrumb":{"@id":"https:\/\/almayoga.es\/talleres-con-alma\/#breadcrumb"},"inLanguage":"en-GB","potentialAction":[{"@type":"ReadAction","target":["https:\/\/almayoga.es\/talleres-con-alma\/"]}]},{"@type":"ImageObject","inLanguage":"en-GB","@id":"https:\/\/almayoga.es\/talleres-con-alma\/#primaryimage","url":"https:\/\/almayoga.es\/wp-content\/uploads\/2024\/03\/talleres-alma.png","contentUrl":"https:\/\/almayoga.es\/wp-content\/uploads\/2024\/03\/talleres-alma.png"},{"@type":"BreadcrumbList","@id":"https:\/\/almayoga.es\/talleres-con-alma\/#breadcrumb","itemListElement":[{"@type":"ListItem","position":1,"name":"Portada","item":"https:\/\/almayoga.es\/"},{"@type":"ListItem","position":2,"name":"Nuestras clases"}]},{"@type":"WebSite","@id":"https:\/\/almayoga.es\/#website","url":"https:\/\/almayoga.es\/","name":"Soul Yoga","description":"Centro de Yoga en Zamora","publisher":{"@id":"https:\/\/almayoga.es\/#organization"},"potentialAction":[{"@type":"SearchAction","target":{"@type":"EntryPoint","urlTemplate":"https:\/\/almayoga.es\/?s={search_term_string}"},"query-input":{"@type":"PropertyValueSpecification","valueRequired":true,"valueName":"search_term_string"}}],"inLanguage":"en-GB"},{"@type":"Organization","@id":"https:\/\/almayoga.es\/#organization","name":"Soul Yoga","url":"https:\/\/almayoga.es\/","logo":{"@type":"ImageObject","inLanguage":"en-GB","@id":"https:\/\/almayoga.es\/#\/schema\/logo\/image\/","url":"https:\/\/almayoga.es\/wp-content\/uploads\/2024\/03\/logo-blanco-y-azul.png","contentUrl":"https:\/\/almayoga.es\/wp-content\/uploads\/2024\/03\/logo-blanco-y-azul.png","width":215,"height":130,"caption":"Alma Yoga"},"image":{"@id":"https:\/\/almayoga.es\/#\/schema\/logo\/image\/"}}]}},"_links":{"self":[{"href":"https:\/\/almayoga.es\/en\/wp-json\/wp\/v2\/pages\/130","targetHints":{"allow":["GET"]}}],"collection":[{"href":"https:\/\/almayoga.es\/en\/wp-json\/wp\/v2\/pages"}],"about":[{"href":"https:\/\/almayoga.es\/en\/wp-json\/wp\/v2\/types\/page"}],"author":[{"embeddable":true,"href":"https:\/\/almayoga.es\/en\/wp-json\/wp\/v2\/users\/1"}],"replies":[{"embeddable":true,"href":"https:\/\/almayoga.es\/en\/wp-json\/wp\/v2\/comments?post=130"}],"version-history":[{"count":9,"href":"https:\/\/almayoga.es\/en\/wp-json\/wp\/v2\/pages\/130\/revisions"}],"predecessor-version":[{"id":612,"href":"https:\/\/almayoga.es\/en\/wp-json\/wp\/v2\/pages\/130\/revisions\/612"}],"wp:attachment":[{"href":"https:\/\/almayoga.es\/en\/wp-json\/wp\/v2\/media?parent=130"}],"curies":[{"name":"wp","href":"https:\/\/api.w.org\/{rel}","templated":true}]}}