{"id":167,"date":"2024-03-14T09:58:13","date_gmt":"2024-03-14T09:58:13","guid":{"rendered":"https:\/\/almayoga.es\/?page_id=167"},"modified":"2024-04-18T10:56:00","modified_gmt":"2024-04-18T10:56:00","slug":"accesibilidad","status":"publish","type":"page","link":"https:\/\/almayoga.es\/en\/accesibilidad\/","title":{"rendered":"Accessibility"},"content":{"rendered":"<p><strong>Actualizado 15\/03\/2024<\/strong>\u00a0<\/p>\n<p><\/p>\n<p><strong>SILVIA RODRIGUEZ FERNANDEZ se compromete en hacer accesible su sitio web de conformidad con el\u202f<\/strong><a style=\"color: #003300;\" href=\"https:\/\/www.boe.es\/diario_boe\/txt.php?id=BOE-A-2018-12699\" target=\"_blank\" rel=\"noreferrer noopener\"><strong>Real Decreto 1112\/2018<\/strong><\/a><strong>, sobre accesibilidad de los sitios webs y aplicaciones para dispositivos m\u00f3viles del sector p\u00fablico.<\/strong>\u00a0<\/p>\n<p><\/p>\n<p>La presente declaraci\u00f3n de accesibilidad se aplica al sitio web almayoga.es<\/p>\n<p><\/p>\n<p><strong>SITUACI\u00d3N DE CUMPLIMIENTO<\/strong>\u00a0<\/p>\n<p><\/p>\n<p>Este sitio web es parcialmente conforme con el\u202f<a style=\"color: #003300;\" href=\"https:\/\/www.boe.es\/diario_boe\/txt.php?id=BOE-A-2018-12699\" target=\"_blank\" rel=\"noreferrer noopener\">RD 1112\/2018<\/a>\u202fdebido a la falta de conformidad de los aspectos que se indican a continuaci\u00f3n.\u00a0<\/p>\n<p><\/p>\n<p><strong>Contenido no accesible<\/strong>\u00a0<\/p>\n<p><\/p>\n<p>El contenido que se recoge a continuaci\u00f3n no es accesible por lo siguiente:\u00a0<\/p>\n<p><\/p>\n<p><strong>Falta de conformidad con el RD 1112\/2018<\/strong>\u00a0<\/p>\n<p><\/p>\n<ul class=\"wp-block-list\">\n<li>Se pueden encontrar im\u00e1genes sin que acompa\u00f1e texto explicativo.\u00a0<\/li>\n\n<li>Se puede encontrar a\u00fan anidamientos incorrectos de etiquetas.\u00a0<\/li>\n\n<li>Podr\u00edan existir fallos de edici\u00f3n en la p\u00e1gina web.\u00a0<\/li>\n<\/ul>\n<p><\/p>\n<p><strong>Carga desproporcionada<\/strong>\u00a0<\/p>\n<p><\/p>\n<ul class=\"wp-block-list\">\n<li>No aplica.\u00a0<\/li>\n<\/ul>\n<p><\/p>\n<p><strong>El contenido no entra dentro del \u00e1mbito de la legislaci\u00f3n aplicable.<\/strong>\u00a0<\/p>\n<p><\/p>\n<ul class=\"wp-block-list\">\n<li>Existen archivos ofim\u00e1ticos en PDF que no cumplan en su totalidad todos los requisitos de accesibilidad.\u00a0<\/li>\n<\/ul>\n<p><\/p>\n<p>La presente declaraci\u00f3n fue preparada el 15 de enero de 2023.\u00a0<\/p>\n<p><\/p>\n<p>El m\u00e9todo empleado para preparar la declaraci\u00f3n ha sido una autoevaluaci\u00f3n llevada a cabo por el equipo de accesibilidad.\u00a0<\/p>\n<p><\/p>\n<p>\u00daltima revisi\u00f3n de la declaraci\u00f3n: 12 de enero de 2023.\u00a0<\/p>\n<p><\/p>\n<p><strong>Observaciones y datos de contacto<\/strong>\u00a0<\/p>\n<p><\/p>\n<p>Puede realizar comunicaciones sobre requisitos de accesibilidad (art\u00edculo 10.2.a) del RD 1112\/2018) como por ejemplo:\u00a0<\/p>\n<p><\/p>\n<ul class=\"wp-block-list\">\n<li>Informar sobre cualquier posible incumplimiento por parte de este sitio web.\u00a0<\/li>\n\n<li>Transmitir otras dificultades de acceso al contenido.\u00a0<\/li>\n\n<li>Formular cualquier otra consulta o sugerencia de mejora relativa a la accesibilidad del sitio web.\u00a0<\/li>\n<\/ul>\n<p><\/p>\n<p>A trav\u00e9s de nuestro buz\u00f3n de sugerencias <a style=\"color: #003300;\" href=\"mailto:almayoga18@hotmail.com\" target=\"_blank\" rel=\"noreferrer noopener\">almayoga18@hotmail.com<\/a>, o de manera presencial en nuestra sede: <a style=\"color: #003300;\" href=\"https:\/\/maps.app.goo.gl\/kiwCi8aJ4AUFjcwB7\" target=\"_blank\" rel=\"noreferrer noopener\">Calle Toro 2 49018 Zamora<\/a>\u00a0<\/p>\n<p><\/p>\n<p>Las comunicaciones ser\u00e1n recibidas y tratadas por el equipo de Accesibilidad.\u00a0<\/p>","protected":false},"excerpt":{"rendered":"<p>Actualizado 15\/03\/2024\u00a0 SILVIA RODRIGUEZ FERNANDEZ se compromete en hacer accesible su sitio web de conformidad con el\u202fReal Decreto 1112\/2018, sobre accesibilidad de los sitios webs y aplicaciones para dispositivos m\u00f3viles del sector p\u00fablico.\u00a0 La presente declaraci\u00f3n de accesibilidad se aplica al sitio web almayoga.es SITUACI\u00d3N DE CUMPLIMIENTO\u00a0 Este sitio web es parcialmente conforme con el\u202fRD [&hellip;]<\/p>\n","protected":false},"author":1,"featured_media":0,"parent":0,"menu_order":0,"comment_status":"closed","ping_status":"closed","template":"","meta":{"footnotes":""},"class_list":["post-167","page","type-page","status-publish","hentry"],"yoast_head":"<!-- This site is optimized with the Yoast SEO plugin v26.8 - https:\/\/yoast.com\/product\/yoast-seo-wordpress\/ -->\n<title>Accesibilidad - Alma Yoga<\/title>\n<meta name=\"robots\" content=\"index, follow, max-snippet:-1, max-image-preview:large, max-video-preview:-1\" \/>\n<link rel=\"canonical\" href=\"https:\/\/almayoga.es\/en\/accesibilidad\/\" \/>\n<meta property=\"og:locale\" content=\"en_GB\" \/>\n<meta property=\"og:type\" content=\"article\" \/>\n<meta property=\"og:title\" content=\"Accesibilidad - Alma Yoga\" \/>\n<meta property=\"og:description\" content=\"Actualizado 15\/03\/2024\u00a0 SILVIA RODRIGUEZ FERNANDEZ se compromete en hacer accesible su sitio web de conformidad con el\u202fReal Decreto 1112\/2018, sobre accesibilidad de los sitios webs y aplicaciones para dispositivos m\u00f3viles del sector p\u00fablico.\u00a0 La presente declaraci\u00f3n de accesibilidad se aplica al sitio web almayoga.es SITUACI\u00d3N DE CUMPLIMIENTO\u00a0 Este sitio web es parcialmente conforme con el\u202fRD [&hellip;]\" \/>\n<meta property=\"og:url\" content=\"https:\/\/almayoga.es\/en\/accesibilidad\/\" \/>\n<meta property=\"og:site_name\" content=\"Alma Yoga\" \/>\n<meta property=\"article:modified_time\" content=\"2024-04-18T10:56:00+00:00\" \/>\n<meta name=\"twitter:card\" content=\"summary_large_image\" \/>\n<meta name=\"twitter:label1\" content=\"Estimated reading time\" \/>\n\t<meta name=\"twitter:data1\" content=\"2 minutes\" \/>\n<script type=\"application\/ld+json\" class=\"yoast-schema-graph\">{\"@context\":\"https:\/\/schema.org\",\"@graph\":[{\"@type\":\"WebPage\",\"@id\":\"https:\/\/almayoga.es\/accesibilidad\/\",\"url\":\"https:\/\/almayoga.es\/accesibilidad\/\",\"name\":\"Accesibilidad - Alma Yoga\",\"isPartOf\":{\"@id\":\"https:\/\/almayoga.es\/#website\"},\"datePublished\":\"2024-03-14T09:58:13+00:00\",\"dateModified\":\"2024-04-18T10:56:00+00:00\",\"breadcrumb\":{\"@id\":\"https:\/\/almayoga.es\/accesibilidad\/#breadcrumb\"},\"inLanguage\":\"en-GB\",\"potentialAction\":[{\"@type\":\"ReadAction\",\"target\":[\"https:\/\/almayoga.es\/accesibilidad\/\"]}]},{\"@type\":\"BreadcrumbList\",\"@id\":\"https:\/\/almayoga.es\/accesibilidad\/#breadcrumb\",\"itemListElement\":[{\"@type\":\"ListItem\",\"position\":1,\"name\":\"Portada\",\"item\":\"https:\/\/almayoga.es\/\"},{\"@type\":\"ListItem\",\"position\":2,\"name\":\"Accesibilidad\"}]},{\"@type\":\"WebSite\",\"@id\":\"https:\/\/almayoga.es\/#website\",\"url\":\"https:\/\/almayoga.es\/\",\"name\":\"Alma Yoga\",\"description\":\"Centro de Yoga en Zamora\",\"publisher\":{\"@id\":\"https:\/\/almayoga.es\/#organization\"},\"potentialAction\":[{\"@type\":\"SearchAction\",\"target\":{\"@type\":\"EntryPoint\",\"urlTemplate\":\"https:\/\/almayoga.es\/?s={search_term_string}\"},\"query-input\":{\"@type\":\"PropertyValueSpecification\",\"valueRequired\":true,\"valueName\":\"search_term_string\"}}],\"inLanguage\":\"en-GB\"},{\"@type\":\"Organization\",\"@id\":\"https:\/\/almayoga.es\/#organization\",\"name\":\"Alma Yoga\",\"url\":\"https:\/\/almayoga.es\/\",\"logo\":{\"@type\":\"ImageObject\",\"inLanguage\":\"en-GB\",\"@id\":\"https:\/\/almayoga.es\/#\/schema\/logo\/image\/\",\"url\":\"https:\/\/almayoga.es\/wp-content\/uploads\/2024\/03\/logo-blanco-y-azul.png\",\"contentUrl\":\"https:\/\/almayoga.es\/wp-content\/uploads\/2024\/03\/logo-blanco-y-azul.png\",\"width\":215,\"height\":130,\"caption\":\"Alma Yoga\"},\"image\":{\"@id\":\"https:\/\/almayoga.es\/#\/schema\/logo\/image\/\"}}]}<\/script>\n<!-- \/ Yoast SEO plugin. -->","yoast_head_json":{"title":"Accesibilidad - Alma Yoga","robots":{"index":"index","follow":"follow","max-snippet":"max-snippet:-1","max-image-preview":"max-image-preview:large","max-video-preview":"max-video-preview:-1"},"canonical":"https:\/\/almayoga.es\/en\/accesibilidad\/","og_locale":"en_GB","og_type":"article","og_title":"Accesibilidad - Alma Yoga","og_description":"Actualizado 15\/03\/2024\u00a0 SILVIA RODRIGUEZ FERNANDEZ se compromete en hacer accesible su sitio web de conformidad con el\u202fReal Decreto 1112\/2018, sobre accesibilidad de los sitios webs y aplicaciones para dispositivos m\u00f3viles del sector p\u00fablico.\u00a0 La presente declaraci\u00f3n de accesibilidad se aplica al sitio web almayoga.es SITUACI\u00d3N DE CUMPLIMIENTO\u00a0 Este sitio web es parcialmente conforme con el\u202fRD [&hellip;]","og_url":"https:\/\/almayoga.es\/en\/accesibilidad\/","og_site_name":"Alma Yoga","article_modified_time":"2024-04-18T10:56:00+00:00","twitter_card":"summary_large_image","twitter_misc":{"Estimated reading time":"2 minutes"},"schema":{"@context":"https:\/\/schema.org","@graph":[{"@type":"WebPage","@id":"https:\/\/almayoga.es\/accesibilidad\/","url":"https:\/\/almayoga.es\/accesibilidad\/","name":"Accesibilidad - Alma Yoga","isPartOf":{"@id":"https:\/\/almayoga.es\/#website"},"datePublished":"2024-03-14T09:58:13+00:00","dateModified":"2024-04-18T10:56:00+00:00","breadcrumb":{"@id":"https:\/\/almayoga.es\/accesibilidad\/#breadcrumb"},"inLanguage":"en-GB","potentialAction":[{"@type":"ReadAction","target":["https:\/\/almayoga.es\/accesibilidad\/"]}]},{"@type":"BreadcrumbList","@id":"https:\/\/almayoga.es\/accesibilidad\/#breadcrumb","itemListElement":[{"@type":"ListItem","position":1,"name":"Portada","item":"https:\/\/almayoga.es\/"},{"@type":"ListItem","position":2,"name":"Accesibilidad"}]},{"@type":"WebSite","@id":"https:\/\/almayoga.es\/#website","url":"https:\/\/almayoga.es\/","name":"Soul Yoga","description":"Centro de Yoga en Zamora","publisher":{"@id":"https:\/\/almayoga.es\/#organization"},"potentialAction":[{"@type":"SearchAction","target":{"@type":"EntryPoint","urlTemplate":"https:\/\/almayoga.es\/?s={search_term_string}"},"query-input":{"@type":"PropertyValueSpecification","valueRequired":true,"valueName":"search_term_string"}}],"inLanguage":"en-GB"},{"@type":"Organization","@id":"https:\/\/almayoga.es\/#organization","name":"Soul Yoga","url":"https:\/\/almayoga.es\/","logo":{"@type":"ImageObject","inLanguage":"en-GB","@id":"https:\/\/almayoga.es\/#\/schema\/logo\/image\/","url":"https:\/\/almayoga.es\/wp-content\/uploads\/2024\/03\/logo-blanco-y-azul.png","contentUrl":"https:\/\/almayoga.es\/wp-content\/uploads\/2024\/03\/logo-blanco-y-azul.png","width":215,"height":130,"caption":"Alma Yoga"},"image":{"@id":"https:\/\/almayoga.es\/#\/schema\/logo\/image\/"}}]}},"_links":{"self":[{"href":"https:\/\/almayoga.es\/en\/wp-json\/wp\/v2\/pages\/167","targetHints":{"allow":["GET"]}}],"collection":[{"href":"https:\/\/almayoga.es\/en\/wp-json\/wp\/v2\/pages"}],"about":[{"href":"https:\/\/almayoga.es\/en\/wp-json\/wp\/v2\/types\/page"}],"author":[{"embeddable":true,"href":"https:\/\/almayoga.es\/en\/wp-json\/wp\/v2\/users\/1"}],"replies":[{"embeddable":true,"href":"https:\/\/almayoga.es\/en\/wp-json\/wp\/v2\/comments?post=167"}],"version-history":[{"count":0,"href":"https:\/\/almayoga.es\/en\/wp-json\/wp\/v2\/pages\/167\/revisions"}],"wp:attachment":[{"href":"https:\/\/almayoga.es\/en\/wp-json\/wp\/v2\/media?parent=167"}],"curies":[{"name":"wp","href":"https:\/\/api.w.org\/{rel}","templated":true}]}}